{"id":89,"date":"2021-11-24T19:18:35","date_gmt":"2021-11-24T18:18:35","guid":{"rendered":"https:\/\/motorquality.dev.more.it\/?page_id=89"},"modified":"2025-09-18T17:47:37","modified_gmt":"2025-09-18T15:47:37","slug":"privacy-policy","status":"publish","type":"page","link":"https:\/\/www.crescitalia.com\/en\/privacy-policy\/","title":{"rendered":"Privacy policy"},"content":{"rendered":"<section class=\"vc_section py-5 vc_custom_1638460153843 vc_section-has-fill\"><div is=\"v-container\" class=\"pa-0\"><div is=\"v-container\"><div is=\"v-row\" ><div is=\"v-col\" class=\"vc_col-sm-12\"  v-bind:sm=\"12\"><h4 style=\"text-align: left\" class=\"vc_custom_heading text-h4 mb-0 white--text font-weight-regular\" >Informativa Privacy ai Visitatori del Sito<\/h4><\/div><\/div><\/div><\/div><\/section><section class=\"vc_section py-26\"><div is=\"v-container\" class=\"pa-0\"><div is=\"v-container\"><div is=\"v-row\" ><div is=\"v-col\" class=\"vc_col-sm-12\"  v-bind:sm=\"12\">\n\t<div class=\"wpb_text_column wpb_content_element\" >\n\t\t<div class=\"wpb_wrapper\">\n\t\t\t<p>CrescItalia Servizi Imprese S.p.a. con sede legale in Corso Magenta, 56 &#8211; 20123 Milano, Italia, codice fiscale e partita IVA n. 08425370965, in qualit\u00e0 di titolare del trattamento (di seguito la \u201c<strong>Societ\u00e0<\/strong>\u201d o il \u201c<strong>Titolare<\/strong>\u201d), fornisce qui di seguito l\u2019informativa privacy ai sensi degli artt. 13 e 14 del Regolamento (UE) 2016\/679 (di seguito, il \u201c<strong>GDPR<\/strong>\u201d) in relazione al trattamento dei dati personali dei visitatori del sito Internet <a href=\"https:\/\/www.crescitalia.com\/en\/\">www.crescitalia.com<\/a> (di seguito, il \u201c<strong>Sito<\/strong>\u201d).<\/p>\n\n\t\t<\/div>\n\t<\/div>\n<h4 style=\"text-align: left\" class=\"vc_custom_heading text-h5 mb-6 mt-16\" >1. Quali tipi di dati sono trattati e per quali finalit\u00e0?<\/h4>\n\t<div class=\"wpb_text_column wpb_content_element\" >\n\t\t<div class=\"wpb_wrapper\">\n\t\t\t<h5 class=\"mb-1\"><strong>DATI DI NAVIGAZIONE:<\/strong><\/h5>\n<p>I sistemi informatici e le procedure software preposte al funzionamento di questo sito acquisiscono, nel corso del loro normale esercizio, alcuni dati personali la cui trasmissione \u00e8 implicita nell\u2019uso dei protocolli di comunicazione di Internet. In questa categoria di dati rientrano gli indirizzi IP o i nomi a dominio dei computer e dei terminali utilizzati dagli utenti, gli indirizzi in notazione URI\/URL (Uniform Resource Identifier\/Locator) delle risorse richieste, l\u2019orario della richiesta, il metodo utilizzato nel sottoporre la richiesta al server, la dimensione del file ottenuto in risposta, il codice numerico indicante lo stato della risposta data dal server (buon fine, errore, ecc.) ed altri parametri relativi al sistema operativo e all\u2019ambiente informatico dell\u2019utente. Tali dati, necessari per la fruizione dei servizi web, vengono anche trattati allo scopo di: (i) ottenere informazioni statistiche sull\u2019uso dei servizi (pagine pi\u00f9 visitate, numero di visitatori per fascia oraria o giornaliera, aree geografiche di provenienza, ecc.); e (ii) controllare il corretto funzionamento dei servizi offerti. I dati potrebbero essere utilizzati per l\u2019accertamento di responsabilit\u00e0 in caso di ipotetici reati informatici ai danni del Sito. I dati di navigazione sono trattati per il nostro legittimo interesse a garantire la sicurezza del Sito, controllarne il corretto funzionamento ed ottenere statistiche in relazione al suo utilizzo <em>(art. 6, co. 1, let. f) del GDPR)<\/em>.<\/p>\n\n\t\t<\/div>\n\t<\/div>\n\n\t<div class=\"wpb_text_column wpb_content_element  mt-10\" >\n\t\t<div class=\"wpb_wrapper\">\n\t\t\t<h5 class=\"mb-1\"><strong>DATI DA LEI FORNITI VOLONTARIAMENTE:<\/strong><\/h5>\n<ul>\n<li>nelle lettere\/form\/e-mail spontaneamente inviateci: l\u2019invio facoltativo, esplicito e volontario dei suoi dati personali agli indirizzi di posta o posta elettronica pubblicati sul Sito, comporta la successiva acquisizione di tali dati, necessari per perseguire il nostro ed il suo legittimo interesse a rispondere alle richieste da lei inviate in relazione al Sito e\/o alle nostre attivit\u00e0 (art. 6, co. 1, let. f) del GDPR). Lei \u00e8 libero di non fornire tali dati. Tuttavia, il loro mancato conferimento pu\u00f2 comportare l\u2019impossibilit\u00e0 di dar seguito alla sua richiesta;<\/li>\n<li>in occasione delle chiamate effettuate al nostro numero di telefono: quando contatta il nostro numero di telefono, potremmo trattare i dati personali da lei spontaneamente comunicatici nel corso della conversazione telefonica o da noi ragionevolmente richiesti per fornirle quanto necessario (art. 6, co. 1, let. b) del GDPR). Lei \u00e8 libero di non fornire tali dati. Tuttavia, il loro mancato conferimento pu\u00f2 comportare l\u2019impossibilit\u00e0 di ottenere quanto richiesto;<\/li>\n<li>attraverso il modulo di contatto presente sul Sito: l\u2019invio facoltativo, esplicito e volontario dei suoi dati personali (nome, cognome, dati di contatto) comporta la successiva acquisizione di tali dati, necessari per rispondere alle richieste da lei inviate in relazione ai servizi da noi offerti (art. 6, co. 1, let. b) del GDPR). Lei \u00e8 libero di non fornire tali dati. Tuttavia, il loro mancato conferimento pu\u00f2 comportare l\u2019impossibilit\u00e0 di ottenere quanto richiesto.<\/li>\n<\/ul>\n\n\t\t<\/div>\n\t<\/div>\n<h4 style=\"text-align: left\" class=\"vc_custom_heading text-h5 mb-6 mt-16\" >2. Se sono un utente registrato al Sito, per quali finalit\u00e0 saranno trattati i miei dati personali?<\/h4>\n\t<div class=\"wpb_text_column wpb_content_element\" >\n\t\t<div class=\"wpb_wrapper\">\n\t\t\t<p>Se decide di registrarsi al Sito, i suoi dati personali saranno trattati anche per le seguenti finalit\u00e0:<\/p>\n<ul>\n<li>per dare esecuzione ad un contratto di cui lei \u00e8 parte ed a misure precontrattuali adottate a sua richiesta (art. 6, co. 1, let. b) del GDPR): tratteremo i suoi dati per consentirle di registrarsi al Sito, fornirle i servizi riservati agli utenti registrati al Sito, nonch\u00e9 per dare esecuzione ad eventuali misure precontrattuali adottate a sua richiesta, come, ad esempio, quando ci contatta per avere informazioni in relazione ai nostri servizi prima di decidere se usufruirne;<\/li>\n<li>per fornirle il servizio di newsletter (art. 6, co. 1, let. a) del GDPR): sul Sito \u00e8 possibile iscriversi alla nostra newsletter. La preghiamo di considerare che la nostra newsletter ha contenuto commerciale, contenendo offerte e promozioni relative a servizi forniti da noi. Pertanto, iscrivendosi alla newsletter, acconsente al trattamento del suo indirizzo di posta elettronica per finalit\u00e0 di marketing (vendita diretta, invio di materiale pubblicitario, compimento di ricerche di mercato, comunicazione commerciale) e ad essere contattato via e-mail per tali finalit\u00e0. In caso di mancato consenso, la possibilit\u00e0 di navigare sul Sito, di creare un account sul Sito non sar\u00e0 in alcun modo compromessa n\u00e9 subir\u00e0 alcun\u2019altra conseguenza pregiudizievole. Potr\u00e0 in ogni caso liberamente e gratuitamente revocare il suo consenso al trattamento del suo indirizzo di posta elettronica per finalit\u00e0 di marketing in qualsiasi momento, facendocene richiesta con le modalit\u00e0 indicate al successivo paragrafo 9. Potr\u00e0, inoltre, revocare il suo consenso al trattamento del suo indirizzo e-mail per finalit\u00e0 di marketing anche cliccando sul link di cancellazione <em>(opt-out)<\/em> presente in ciascuna e-mail promozionale;<\/li>\n<li>per adempiere ad obblighi di legge (art. 6, co. 1, let. c) del GDPR): tratteremo i suoi dati personali per adempiere agli obblighi di legge cui siamo soggetti derivanti dalla normativa antiriciclaggio e di contrasto al terrorismo, da quella fiscale, anticorruzione, di prevenzione delle frodi nei servizi di pagamento; o per adempiere a disposizioni o richieste dell\u2019Autorit\u00e0 di Vigilanza e Controllo o della Magistratura; per il recupero dei crediti;<\/li>\n<li>per perseguire il nostro legittimo interesse a conoscere come e quanto il Sito viene utilizzato dai visitatori (art. 6, co. 1, let. f) del GDPR): al fine di perseguire il nostro legittimo interesse a conoscere come e quanto il Sito viene utilizzato dai visitatori, generiamo, anche attraverso fornitori terzi, dati statistici ed aggregati in merito al numero di pagine visualizzate sul nostro Sito, il numero di visitatori e, pi\u00f9 in generale, le modalit\u00e0 di fruizione del Sito, senza mai risalire alla sua identit\u00e0. Per generare tali statistiche e dati aggregati, i nostri fornitori utilizzano i c.d. cookies (si prega di consultare il successivo paragrafo 7);<\/li>\n<li>per perseguire il nostro legittimo interesse ad esercitare o difendere un diritto in sede giudiziaria o stragiudiziale (art. 6, co. 1, let. f) del GDPR): potremmo trattare i suoi dati personali per perseguire il nostro legittimo interesse ad esercitare o difendere un nostro diritto in sede giudiziaria o stragiudiziale, in caso di violazioni di legge.<\/li>\n<\/ul>\n\n\t\t<\/div>\n\t<\/div>\n<h4 style=\"text-align: left\" class=\"vc_custom_heading text-h5 mb-6 mt-16\" >3. Quali soggetti potranno venire a conoscenza dei miei dati personali?<\/h4>\n\t<div class=\"wpb_text_column wpb_content_element\" >\n\t\t<div class=\"wpb_wrapper\">\n\t\t\t<p>Potranno venire a conoscenza dei suoi dati personali i nostri dipendenti e collaboratori che si occupano della gestione delle proposte di finanziamento e manutenzione delle basi di dati elettronici (data base), dell\u2019assistenza e supporto commerciale ai visitatori e agli utenti che chiedono informazioni o ci rivolgono altre richieste. Potranno, inoltre, venire a conoscenza dei suoi dati personali le seguenti categorie di soggetti, che, in qualit\u00e0 di responsabili del trattamento, ci forniscono servizi strumentali allo svolgimento della nostra attivit\u00e0: fornitori di servizi informatici e logistici funzionali all\u2019operativit\u00e0 del Sito; fornitori di servizi in outsourcing e cloud computing; fornitori di servizi gestionali; professionisti esterni e consulenti; eventuali societ\u00e0 incaricate di effettuare le attivit\u00e0 di marketing per nostro conto. Potranno venire a conoscenza dei suoi dati personali i dipendenti e\/o collaboratori della Societ\u00e0 incaricati di gestire il Sito, e fornire assistenza.<\/p>\n\n\t\t<\/div>\n\t<\/div>\n<h4 style=\"text-align: left\" class=\"vc_custom_heading text-h5 mb-6 mt-16\" >4. I miei dati personali saranno comunicati a terzi?<\/h4>\n\t<div class=\"wpb_text_column wpb_content_element\" >\n\t\t<div class=\"wpb_wrapper\">\n\t\t\t<p>I suoi dati potrebbero essere comunicati all\u2019Autorit\u00e0 Giudiziaria su richiesta della stessa nei casi previsti dalla legge.<\/p>\n\n\t\t<\/div>\n\t<\/div>\n<h4 style=\"text-align: left\" class=\"vc_custom_heading text-h5 mb-6 mt-16\" >5. Come saranno trattati i miei dati personali e per quanto tempo saranno conservati?<\/h4>\n\t<div class=\"wpb_text_column wpb_content_element\" >\n\t\t<div class=\"wpb_wrapper\">\n\t\t\t<p>I suoi dati personali saranno trattati con strumenti automatizzati e non automatizzati. Specifiche misure di sicurezza sono osservate per prevenire la perdita dei dati, usi illeciti o non corretti ed accessi non autorizzati. I dati di navigazione saranno conservati per un periodo massimo di 24 mesi, salvo che l\u2019ulteriore conservazione dovesse essere necessaria per l\u2019accertamento di responsabilit\u00e0 in caso di ipotetici reati informatici ai danni del Sito o per adempiere a richieste dell\u2019Autorit\u00e0 giudiziaria. Qualora lei ci abbia contattato tramite lettera, e-mail o telefono, per ottenere informazioni relative al Sito o alla nostra azienda, i suoi dati saranno conservati per il tempo richiesto dalla legge o per il tempo necessario a perseguire le finalit\u00e0 di trattamento sopra indicate.<\/p>\n\n\t\t<\/div>\n\t<\/div>\n<h4 style=\"text-align: left\" class=\"vc_custom_heading text-h5 mb-6 mt-16\" >6. I miei dati saranno trasferiti fuori dallo Spazio Economico Europeo?<\/h4>\n\t<div class=\"wpb_text_column wpb_content_element\" >\n\t\t<div class=\"wpb_wrapper\">\n\t\t\t<p>No, i suoi dati personali saranno conservati e trattati esclusivamente all\u2019interno del territorio dello Spazio Economico Europeo. Tuttavia, in relazione ai dati ottenuti tramite i cookie, la preghiamo di leggere quanto indicato nella nostra Cookie Policy.<\/p>\n\n\t\t<\/div>\n\t<\/div>\n<h4 style=\"text-align: left\" class=\"vc_custom_heading text-h5 mb-6 mt-16\" >7. Utilizzate cookie o altri simili strumenti sul Sito?<\/h4>\n\t<div class=\"wpb_text_column wpb_content_element\" >\n\t\t<div class=\"wpb_wrapper\">\n\t\t\t<p>S\u00ec, utilizziamo dei cookie sul nostro Sito. La preghiamo di prendere visione della nostra pagina <a href=\"https:\/\/www.crescitalia.com\/en\/cookie-policy\/\" target=\"_blank\" rel=\"noopener noreferrer\">https:\/\/www.crescitalia.com\/cookie-policy\/<\/a>.<\/p>\n\n\t\t<\/div>\n\t<\/div>\n<h4 style=\"text-align: left\" class=\"vc_custom_heading text-h5 mb-6 mt-16\" >8. Quali sono i miei diritti?<\/h4>\n\t<div class=\"wpb_text_column wpb_content_element\" >\n\t\t<div class=\"wpb_wrapper\">\n\t\t\t<p>Lei ha il diritto di esercitare in qualsiasi momento, gratuitamente e senza formalit\u00e0 i seguenti diritti di cui agli artt. da 15 a 22 del GDPR, inclusi: (i) il diritto di accesso ai dati personali (ovvero il diritto di ottenere da noi la conferma che sia o meno in corso un trattamento di dati che la riguarda e, in tal caso, di ottenere l\u2019accesso ai dati personali, ottenendone copia, ed alle informazioni di cui all\u2019art. 15 del GDPR), (ii) la rettifica (ovvero il diritto di ottenere la modifica dei dati inesatti che la riguardano o l\u2019integrazione dei dati incompleti) o la cancellazione degli stessi, se sussiste uno dei motivi indicati dall\u2019art. 17 del GDPR, oppure la limitazione del trattamento che la riguarda (ovvero il diritto di ottenere, nei casi indicati dall\u2019art. 18 del GDPR, il contrassegno dei dati conservati con l\u2019obiettivo di limitarne il trattamento in futuro), (iii) il diritto alla portabilit\u00e0 dei dati (ovvero il diritto, nei casi indicati dall\u2019art. 20 del GDPR, di ricevere da noi, in un formato strutturato, di uso comune e leggibile da dispositivo automatico i dati che la riguardano, nonch\u00e9 di trasmettere tali dati a un altro titolare del trattamento senza impedimenti). Lei ha, inoltre, il diritto di opporsi in qualsiasi momento, per motivi connessi alla sua situazione particolare, al trattamento dei dati personali che la riguardano ai sensi dell\u2019articolo 6, paragrafo 1, lettere e) (esecuzione di un compito di interesse pubblico o connesso all\u2019esercizio di pubblici poteri) o f) (legittimo interesse) del GDPR, compresa la profilazione sulla base di tali disposizioni. Lei ha, inoltre, il diritto di revocare il Suo consenso in qualsiasi momento, allorquando un trattamento sia basato sul suo consenso. La revoca del consenso non pregiudica la liceit\u00e0 del trattamento basata sul consenso prima della revoca.<\/p>\n\n\t\t<\/div>\n\t<\/div>\n<h4 style=\"text-align: left\" class=\"vc_custom_heading text-h5 mb-6 mt-16\" >9. Come posso contattarvi ed esercitare i miei diritti?<\/h4>\n\t<div class=\"wpb_text_column wpb_content_element\" >\n\t\t<div class=\"wpb_wrapper\">\n\t\t\t<p>Pu\u00f2 esercitare i suoi diritti contattandoci:<\/p>\n<ul class=\"mb-4\">\n<li>per posta ordinaria o raccomandata al seguente indirizzo: \u201cCrescItalia Servizi Imprese S.p.a., Corso Magenta, 56 \u2013 20123 Milano\u201d\/li&gt;<\/li>\n<li>tramite semplice e-mail all\u2019indirizzo <a href=\"mailto:privacy@crescitalia.com\" target=\"_blank\" rel=\"noopener noreferrer\">privacy@crescitalia.com<\/a><\/li>\n<\/ul>\n<p>Le ricordiamo che ha sempre la possibilit\u00e0 di proporre un reclamo al Garante per la protezione dei dati personali (<a href=\"https:\/\/www.garanteprivacy.it\/\" target=\"_blank\" rel=\"noopener noreferrer\">www.garanteprivacy.it<\/a>) o alla diversa Autorit\u00e0 di controllo dello Stato Membro dell\u2019Unione Europea in cui risiede o lavora o in cui si \u00e8 verificata la presunta violazione. La Societ\u00e0 ha nominato un Responsabile della Protezione dei Dati (Data Protection Officer \u2013 DPO), che \u00e8 contattabile via posta all\u2019indirizzo di posta ordinaria sopra indicato (alla c.a. del DPO) o via e-mail all\u2019indirizzo <a href=\"mailto:privacy@crescitalia.com\" target=\"_blank\" rel=\"noopener noreferrer\">privacy@crescitalia.com<\/a>.<\/p>\n\n\t\t<\/div>\n\t<\/div>\n<\/div><\/div><\/div><\/div><\/section><section class=\"vc_section py-5 vc_custom_1638460153843 vc_section-has-fill\"><div is=\"v-container\" class=\"pa-0\"><div is=\"v-container\"><div is=\"v-row\" ><div is=\"v-col\" class=\"vc_col-sm-12\"  v-bind:sm=\"12\">\n\t<div class=\"wpb_text_column wpb_content_element  white--text\" >\n\t\t<div class=\"wpb_wrapper\">\n\t\t\t<p><em>Ultimo aggiornamento: Giugno 2024<\/em><\/p>\n<div id=\"gtx-trans\" style=\"position: absolute; left: 194px; top: -9px;\">\n<div class=\"gtx-trans-icon\"><\/div>\n<\/div>\n\n\t\t<\/div>\n\t<\/div>\n<\/div><\/div><\/div><\/div><\/section>","protected":false},"excerpt":{"rendered":"Informativa Privacy ai Visitatori del Sito CrescItalia Servizi Imprese S.p.a. con sede legale in Corso Magenta, 56 - 20123 Milano, [...]","protected":false},"author":1,"featured_media":0,"parent":0,"menu_order":1000,"comment_status":"closed","ping_status":"closed","template":"","meta":{"_monsterinsights_skip_tracking":false,"_monsterinsights_sitenote_active":false,"_monsterinsights_sitenote_note":"","_monsterinsights_sitenote_category":0,"footnotes":""},"yoast_head":"<!-- This site is optimized with the Yoast SEO plugin v22.1 - https:\/\/yoast.com\/wordpress\/plugins\/seo\/ -->\n<title>Privacy policy - Crescitalia<\/title>\n<meta name=\"robots\" content=\"index, follow, max-snippet:-1, max-image-preview:large, max-video-preview:-1\" \/>\n<link rel=\"canonical\" href=\"https:\/\/www.crescitalia.com\/en\/privacy-policy\/\" \/>\n<meta property=\"og:locale\" content=\"en_GB\" \/>\n<meta property=\"og:type\" content=\"article\" \/>\n<meta property=\"og:title\" content=\"Privacy policy - Crescitalia\" \/>\n<meta property=\"og:url\" content=\"https:\/\/www.crescitalia.com\/en\/privacy-policy\/\" \/>\n<meta property=\"og:site_name\" content=\"Crescitalia\" \/>\n<meta property=\"article:modified_time\" content=\"2025-09-18T15:47:37+00:00\" \/>\n<meta name=\"twitter:card\" content=\"summary_large_image\" \/>\n<meta name=\"twitter:label1\" content=\"Estimated reading time\" \/>\n\t<meta name=\"twitter:data1\" content=\"11 minutes\" \/>\n<script type=\"application\/ld+json\" class=\"yoast-schema-graph\">{\"@context\":\"https:\/\/schema.org\",\"@graph\":[{\"@type\":\"WebPage\",\"@id\":\"https:\/\/www.crescitalia.com\/privacy-policy\/\",\"url\":\"https:\/\/www.crescitalia.com\/privacy-policy\/\",\"name\":\"Privacy policy - Crescitalia\",\"isPartOf\":{\"@id\":\"https:\/\/www.crescitalia.com\/#website\"},\"datePublished\":\"2021-11-24T18:18:35+00:00\",\"dateModified\":\"2025-09-18T15:47:37+00:00\",\"breadcrumb\":{\"@id\":\"https:\/\/www.crescitalia.com\/privacy-policy\/#breadcrumb\"},\"inLanguage\":\"en-GB\",\"potentialAction\":[{\"@type\":\"ReadAction\",\"target\":[\"https:\/\/www.crescitalia.com\/privacy-policy\/\"]}]},{\"@type\":\"BreadcrumbList\",\"@id\":\"https:\/\/www.crescitalia.com\/privacy-policy\/#breadcrumb\",\"itemListElement\":[{\"@type\":\"ListItem\",\"position\":1,\"name\":\"Home\",\"item\":\"https:\/\/www.crescitalia.com\/\"},{\"@type\":\"ListItem\",\"position\":2,\"name\":\"Privacy policy\"}]},{\"@type\":\"WebSite\",\"@id\":\"https:\/\/www.crescitalia.com\/#website\",\"url\":\"https:\/\/www.crescitalia.com\/\",\"name\":\"Crescitalia\",\"description\":\"\",\"potentialAction\":[{\"@type\":\"SearchAction\",\"target\":{\"@type\":\"EntryPoint\",\"urlTemplate\":\"https:\/\/www.crescitalia.com\/?s={search_term_string}\"},\"query-input\":\"required name=search_term_string\"}],\"inLanguage\":\"en-GB\"}]}<\/script>\n<!-- \/ Yoast SEO plugin. -->","yoast_head_json":{"title":"Privacy policy - Crescitalia","robots":{"index":"index","follow":"follow","max-snippet":"max-snippet:-1","max-image-preview":"max-image-preview:large","max-video-preview":"max-video-preview:-1"},"canonical":"https:\/\/www.crescitalia.com\/en\/privacy-policy\/","og_locale":"en_GB","og_type":"article","og_title":"Privacy policy - Crescitalia","og_url":"https:\/\/www.crescitalia.com\/en\/privacy-policy\/","og_site_name":"Crescitalia","article_modified_time":"2025-09-18T15:47:37+00:00","twitter_card":"summary_large_image","twitter_misc":{"Estimated reading time":"11 minutes"},"schema":{"@context":"https:\/\/schema.org","@graph":[{"@type":"WebPage","@id":"https:\/\/www.crescitalia.com\/privacy-policy\/","url":"https:\/\/www.crescitalia.com\/privacy-policy\/","name":"Privacy policy - Crescitalia","isPartOf":{"@id":"https:\/\/www.crescitalia.com\/#website"},"datePublished":"2021-11-24T18:18:35+00:00","dateModified":"2025-09-18T15:47:37+00:00","breadcrumb":{"@id":"https:\/\/www.crescitalia.com\/privacy-policy\/#breadcrumb"},"inLanguage":"en-GB","potentialAction":[{"@type":"ReadAction","target":["https:\/\/www.crescitalia.com\/privacy-policy\/"]}]},{"@type":"BreadcrumbList","@id":"https:\/\/www.crescitalia.com\/privacy-policy\/#breadcrumb","itemListElement":[{"@type":"ListItem","position":1,"name":"Home","item":"https:\/\/www.crescitalia.com\/"},{"@type":"ListItem","position":2,"name":"Privacy policy"}]},{"@type":"WebSite","@id":"https:\/\/www.crescitalia.com\/#website","url":"https:\/\/www.crescitalia.com\/","name":"Crescitalia","description":"","potentialAction":[{"@type":"SearchAction","target":{"@type":"EntryPoint","urlTemplate":"https:\/\/www.crescitalia.com\/?s={search_term_string}"},"query-input":"required name=search_term_string"}],"inLanguage":"en-GB"}]}},"_links":{"self":[{"href":"https:\/\/www.crescitalia.com\/en\/wp-json\/wp\/v2\/pages\/89"}],"collection":[{"href":"https:\/\/www.crescitalia.com\/en\/wp-json\/wp\/v2\/pages"}],"about":[{"href":"https:\/\/www.crescitalia.com\/en\/wp-json\/wp\/v2\/types\/page"}],"author":[{"embeddable":true,"href":"https:\/\/www.crescitalia.com\/en\/wp-json\/wp\/v2\/users\/1"}],"replies":[{"embeddable":true,"href":"https:\/\/www.crescitalia.com\/en\/wp-json\/wp\/v2\/comments?post=89"}],"version-history":[{"count":16,"href":"https:\/\/www.crescitalia.com\/en\/wp-json\/wp\/v2\/pages\/89\/revisions"}],"predecessor-version":[{"id":2888,"href":"https:\/\/www.crescitalia.com\/en\/wp-json\/wp\/v2\/pages\/89\/revisions\/2888"}],"wp:attachment":[{"href":"https:\/\/www.crescitalia.com\/en\/wp-json\/wp\/v2\/media?parent=89"}],"curies":[{"name":"wp","href":"https:\/\/api.w.org\/{rel}","templated":true}]}}